{"id":10,"date":"2017-03-01T02:57:50","date_gmt":"2017-03-01T02:57:50","guid":{"rendered":"http:\/\/localhost\/?page_id=400"},"modified":"2026-03-15T18:07:47","modified_gmt":"2026-03-15T18:07:47","slug":"coming-soon","status":"publish","type":"page","link":"https:\/\/devmetrickatemp.dtweb-dev.it\/","title":{"rendered":"Coming Soon"},"content":{"rendered":"<div class=\"wpb-content-wrapper\"><p>[vc_row][vc_column][grcs_vc_hero_container][vc_row_inner][vc_column_inner][grcs_vc_animated_container enter_animation=&#8221;fadeInDown&#8221; animation_delay=&#8221;500&#8243;][vc_single_image image=&#8221;24&#8243; img_size=&#8221;full&#8221; alignment=&#8221;center&#8221; css_animation=&#8221;none&#8221; css=&#8221;.vc_custom_1773403831425{margin-bottom: 2.3vmin !important;}&#8221; el_class=&#8221;logo&#8221; el_width=&#8221;27vmax&#8221; el_max_width=&#8221;100vmin&#8221;][vc_column_text css=&#8221;.vc_custom_1773400982476{margin-bottom: 4.3em !important;}&#8221; el_class=&#8221;grcs_subline&#8221;]DIGITAL EVOLUTION[\/vc_column_text][\/grcs_vc_animated_container][grcs_vc_animated_container][grcs_vc_text_slider slides=&#8221;%5B%7B%22slide_text%22%3A%22DIGITAL%20%3Cspan%3EMARKETING%3C%2Fspan%3E%22%7D%2C%7B%22slide_text%22%3A%22HOSTING%20%3Cspan%3EBUSINESS%3C%2Fspan%3E%22%7D%2C%7B%22slide_text%22%3A%22SVILUPPO%20%3Cspan%3ESITI%20WEB%3C%2Fspan%3E%22%7D%2C%7B%22slide_text%22%3A%22ASSISTENZA%20%3Cspan%3EWORDPRESS%3C%2Fspan%3E%22%7D%5D&#8221; accent_color=&#8221;#EA5B0C&#8221; timeout=&#8221;3000&#8243; duration=&#8221;600&#8243; disable_mouse_control=&#8221;yes&#8221; css=&#8221;.vc_custom_1773401339877{margin-bottom: 3.69em !important;}&#8221;][\/grcs_vc_animated_container][grcs_vc_animated_container][grcs_vc_open_overlay][\/grcs_vc_animated_container][\/vc_column_inner][\/vc_row_inner][\/grcs_vc_hero_container][grcs_vc_overlay_container bullet_nav=&#8221;yes&#8221; animation=&#8221;slide-from-bottom&#8221;][grcs_vc_overlay_section][vc_row_inner][vc_column_inner css=&#8221;.vc_custom_1486415780895{padding-top: 5vh !important;padding-bottom: 5vh !important;}&#8221;][vc_column_text css=&#8221;.vc_custom_1773401436684{margin-bottom: 2.19em !important;}&#8221;]<\/p>\n<h1>CONTATTI<\/h1>\n<p>[\/vc_column_text][grcs_vc_contact_form admin_email=&#8221;info@metricka.it&#8221; message_success=&#8221;* Il campo \u00e8 obbligatorio!&#8221; message_success_email_invalid=&#8221;* Il campo \u00e8 obbligatorio!&#8221; message_success_empty_field=&#8221;* Il campo \u00e8 obbligatorio!&#8221; label_1=&#8221;NOME&#8221; label_3=&#8221;MESSAGGIO&#8221; max_width=&#8221;400px&#8221; css=&#8221;.vc_custom_1773597593792{margin-bottom: 35px !important;}&#8221;][vc_column_text css=&#8221;&#8221;]<\/p>\n<p style=\"text-align: center;\">METRICKA &#8211; Davide Truccolo<br \/>\nViale Graziano Appiani 26\/A<br \/>\n31100 Treviso (TV)<br \/>\n<a href=\"mailto:info@metricka.it\">info@metricka.it<\/a><br \/>\nP.IVA: 04479570261 &#8211; <a href=\"#\">Privacy Policy<\/a> &#8211; <a href=\"#\">Cookie Policy<\/a><\/p>\n<p>[\/vc_column_text][grcs_vc_social_icons icons=&#8221;%5B%7B%22mode%22%3A%22url%22%2C%22icon%22%3A%22fa%20fa-brands%20fa-facebook%22%2C%22icon_title%22%3A%22Facebook%22%2C%22icon_url%22%3A%22https%3A%2F%2Fwww.facebook.com%2Fmetrickadigitalevolution%22%7D%2C%7B%22mode%22%3A%22url%22%2C%22icon%22%3A%22fa%20fa-brands%20fa-linkedin-in%22%2C%22icon_title%22%3A%22LinkedIn%22%2C%22icon_url%22%3A%22https%3A%2F%2Fwww.linkedin.com%2Fcompany%2Fmetricka%2F%22%7D%2C%7B%22mode%22%3A%22url%22%2C%22icon%22%3A%22fa%20fa-brands%20fa-instagram%22%2C%22icon_title%22%3A%22Instagram%22%2C%22icon_url%22%3A%22https%3A%2F%2Fwww.instagram.com%2Fmetrickadigitalevolution%2F%22%7D%5D&#8221;][\/vc_column_inner][\/vc_row_inner][\/grcs_vc_overlay_section][\/grcs_vc_overlay_container][\/vc_column][\/vc_row]<\/p>\n<\/div>","protected":false},"excerpt":{"rendered":"<p>[vc_row][vc_column][grcs_vc_hero_container][vc_row_inner][vc_column_inner][grcs_vc_animated_container enter_animation=&#8221;fadeInDown&#8221; animation_delay=&#8221;500&#8243;][vc_single_image image=&#8221;24&#8243; img_size=&#8221;full&#8221; alignment=&#8221;center&#8221; css_animation=&#8221;none&#8221; css=&#8221;.vc_custom_1773403831425{margin-bottom: 2.3vmin !important;}&#8221; el_class=&#8221;logo&#8221; el_width=&#8221;27vmax&#8221; el_max_width=&#8221;100vmin&#8221;][vc_column_text css=&#8221;.vc_custom_1773400982476{margin-bottom: 4.3em !important;}&#8221; el_class=&#8221;grcs_subline&#8221;]DIGITAL EVOLUTION[\/vc_column_text][\/grcs_vc_animated_container][grcs_vc_animated_container][grcs_vc_text_slider slides=&#8221;%5B%7B%22slide_text%22%3A%22DIGITAL%20%3Cspan%3EMARKETING%3C%2Fspan%3E%22%7D%2C%7B%22slide_text%22%3A%22HOSTING%20%3Cspan%3EBUSINESS%3C%2Fspan%3E%22%7D%2C%7B%22slide_text%22%3A%22SVILUPPO%20%3Cspan%3ESITI%20WEB%3C%2Fspan%3E%22%7D%2C%7B%22slide_text%22%3A%22ASSISTENZA%20%3Cspan%3EWORDPRESS%3C%2Fspan%3E%22%7D%5D&#8221; accent_color=&#8221;#EA5B0C&#8221; timeout=&#8221;3000&#8243; duration=&#8221;600&#8243; disable_mouse_control=&#8221;yes&#8221; css=&#8221;.vc_custom_1773401339877{margin-bottom: 3.69em !important;}&#8221;][\/grcs_vc_animated_container][grcs_vc_animated_container][grcs_vc_open_overlay][\/grcs_vc_animated_container][\/vc_column_inner][\/vc_row_inner][\/grcs_vc_hero_container][grcs_vc_overlay_container bullet_nav=&#8221;yes&#8221; animation=&#8221;slide-from-bottom&#8221;][grcs_vc_overlay_section][vc_row_inner][vc_column_inner css=&#8221;.vc_custom_1486415780895{padding-top: 5vh !important;padding-bottom: 5vh !important;}&#8221;][vc_column_text css=&#8221;.vc_custom_1773401436684{margin-bottom: 2.19em !important;}&#8221;] CONTATTI [\/vc_column_text][grcs_vc_contact_form admin_email=&#8221;info@metricka.it&#8221; message_success=&#8221;* Il campo \u00e8 obbligatorio!&#8221; message_success_email_invalid=&#8221;* Il campo \u00e8 obbligatorio!&#8221; message_success_empty_field=&#8221;* Il campo \u00e8 obbligatorio!&#8221; label_1=&#8221;NOME&#8221; [&hellip;]<\/p>\n","protected":false},"author":1,"featured_media":0,"parent":0,"menu_order":0,"comment_status":"closed","ping_status":"closed","template":"template-coming-soon.php","meta":{"footnotes":""},"class_list":["post-10","page","type-page","status-publish","hentry"],"_links":{"self":[{"href":"https:\/\/devmetrickatemp.dtweb-dev.it\/index.php\/wp-json\/wp\/v2\/pages\/10","targetHints":{"allow":["GET"]}}],"collection":[{"href":"https:\/\/devmetrickatemp.dtweb-dev.it\/index.php\/wp-json\/wp\/v2\/pages"}],"about":[{"href":"https:\/\/devmetrickatemp.dtweb-dev.it\/index.php\/wp-json\/wp\/v2\/types\/page"}],"author":[{"embeddable":true,"href":"https:\/\/devmetrickatemp.dtweb-dev.it\/index.php\/wp-json\/wp\/v2\/users\/1"}],"replies":[{"embeddable":true,"href":"https:\/\/devmetrickatemp.dtweb-dev.it\/index.php\/wp-json\/wp\/v2\/comments?post=10"}],"version-history":[{"count":97,"href":"https:\/\/devmetrickatemp.dtweb-dev.it\/index.php\/wp-json\/wp\/v2\/pages\/10\/revisions"}],"predecessor-version":[{"id":155,"href":"https:\/\/devmetrickatemp.dtweb-dev.it\/index.php\/wp-json\/wp\/v2\/pages\/10\/revisions\/155"}],"wp:attachment":[{"href":"https:\/\/devmetrickatemp.dtweb-dev.it\/index.php\/wp-json\/wp\/v2\/media?parent=10"}],"curies":[{"name":"wp","href":"https:\/\/api.w.org\/{rel}","templated":true}]}}